{"id":24,"date":"2023-06-09T15:28:05","date_gmt":"2023-06-09T15:28:05","guid":{"rendered":"http:\/\/symtex.webfusion.cz\/o-nas\/"},"modified":"2025-04-04T13:08:44","modified_gmt":"2025-04-04T13:08:44","slug":"o-nas","status":"publish","type":"page","link":"https:\/\/symtex-brno.com\/de\/o-nas\/","title":{"rendered":"\u00dcber uns"},"content":{"rendered":"<div data-elementor-type=\"wp-page\" data-elementor-id=\"24\" class=\"elementor elementor-24\" data-elementor-post-type=\"page\">\n\t\t\t\t\t\t<section class=\"elementor-section elementor-top-section elementor-element elementor-element-122ad0b3 elementor-section-full_width elementor-section-height-default elementor-section-height-default\" data-id=\"122ad0b3\" data-element_type=\"section\" data-e-type=\"section\" data-settings=\"{&quot;background_background&quot;:&quot;classic&quot;}\">\n\t\t\t\t\t\t<div class=\"elementor-container elementor-column-gap-no\">\n\t\t\t\t\t<div class=\"elementor-column elementor-col-50 elementor-top-column elementor-element elementor-element-3e7c63ee elementor-invisible\" data-id=\"3e7c63ee\" data-element_type=\"column\" data-e-type=\"column\" data-settings=\"{&quot;background_background&quot;:&quot;classic&quot;,&quot;animation&quot;:&quot;slideInLeft&quot;}\">\n\t\t\t<div class=\"elementor-widget-wrap elementor-element-populated\">\n\t\t\t\t\t\t<div class=\"elementor-element elementor-element-42ad9279 elementor-widget elementor-widget-spacer\" data-id=\"42ad9279\" data-element_type=\"widget\" data-e-type=\"widget\" data-widget_type=\"spacer.default\">\n\t\t\t\t<div class=\"elementor-widget-container\">\n\t\t\t\t\t\t\t<div class=\"elementor-spacer\">\n\t\t\t<div class=\"elementor-spacer-inner\"><\/div>\n\t\t<\/div>\n\t\t\t\t\t\t<\/div>\n\t\t\t\t<\/div>\n\t\t\t\t\t<\/div>\n\t\t<\/div>\n\t\t\t\t<div class=\"elementor-column elementor-col-50 elementor-top-column elementor-element elementor-element-51c4e4d5\" data-id=\"51c4e4d5\" data-element_type=\"column\" data-e-type=\"column\">\n\t\t\t<div class=\"elementor-widget-wrap elementor-element-populated\">\n\t\t\t\t\t\t<div class=\"elementor-element elementor-element-7e681261 elementor-widget elementor-widget-heading\" data-id=\"7e681261\" data-element_type=\"widget\" data-e-type=\"widget\" data-widget_type=\"heading.default\">\n\t\t\t\t<div class=\"elementor-widget-container\">\n\t\t\t\t\t<h5 class=\"elementor-heading-title elementor-size-default\">Symtex Brno s. r. o.<\/h5>\t\t\t\t<\/div>\n\t\t\t\t<\/div>\n\t\t\t\t<div class=\"elementor-element elementor-element-1a7ca2b8 elementor-widget elementor-widget-heading\" data-id=\"1a7ca2b8\" data-element_type=\"widget\" data-e-type=\"widget\" data-widget_type=\"heading.default\">\n\t\t\t\t<div class=\"elementor-widget-container\">\n\t\t\t\t\t<h3 class=\"elementor-heading-title elementor-size-default\">Ihr zuverl\u00e4ssiger Partner f\u00fcr Industrieautomation und Elektroinstallation<\/h3>\t\t\t\t<\/div>\n\t\t\t\t<\/div>\n\t\t\t\t<div class=\"elementor-element elementor-element-494770d2 elementor-widget elementor-widget-text-editor\" data-id=\"494770d2\" data-element_type=\"widget\" data-e-type=\"widget\" data-widget_type=\"text-editor.default\">\n\t\t\t\t<div class=\"elementor-widget-container\">\n\t\t\t\t\t\t\t\t\t<p>Symtex Brno s.r.o. ist ein junges Unternehmen im Bereich des Industrieanlagenbaus mit globaler Ausrichtung. Unsere Kunden, vorrangig aus der General Industry, aber auch aus der Automobil-, Luft- und Raumfahrtindustrie, vertrauen auf unsere Erfahrung im Bereich der Planung, Montage, Wartung und Instandhaltung von Industrieanlagen, Ger\u00e4ten und Roboterarbeitspl\u00e4tzen<\/p>\t\t\t\t\t\t\t\t<\/div>\n\t\t\t\t<\/div>\n\t\t\t\t\t<\/div>\n\t\t<\/div>\n\t\t\t\t\t<\/div>\n\t\t<\/section>\n\t\t\t\t<section class=\"elementor-section elementor-top-section elementor-element elementor-element-1ca648bf elementor-section-boxed elementor-section-height-default elementor-section-height-default\" data-id=\"1ca648bf\" data-element_type=\"section\" data-e-type=\"section\" data-settings=\"{&quot;background_background&quot;:&quot;classic&quot;}\">\n\t\t\t\t\t\t<div class=\"elementor-container elementor-column-gap-default\">\n\t\t\t\t\t<div class=\"elementor-column elementor-col-50 elementor-top-column elementor-element elementor-element-43e20218\" data-id=\"43e20218\" data-element_type=\"column\" data-e-type=\"column\" data-settings=\"{&quot;background_background&quot;:&quot;classic&quot;}\">\n\t\t\t<div class=\"elementor-widget-wrap elementor-element-populated\">\n\t\t\t\t\t\t<div class=\"elementor-element elementor-element-6d3bb5f3 elementor-widget elementor-widget-heading\" data-id=\"6d3bb5f3\" data-element_type=\"widget\" data-e-type=\"widget\" data-widget_type=\"heading.default\">\n\t\t\t\t<div class=\"elementor-widget-container\">\n\t\t\t\t\t<h3 class=\"elementor-heading-title elementor-size-default\">Management des Unternehmens<\/h3>\t\t\t\t<\/div>\n\t\t\t\t<\/div>\n\t\t\t\t<div class=\"elementor-element elementor-element-2cf6a71e elementor-widget elementor-widget-heading\" data-id=\"2cf6a71e\" data-element_type=\"widget\" data-e-type=\"widget\" data-widget_type=\"heading.default\">\n\t\t\t\t<div class=\"elementor-widget-container\">\n\t\t\t\t\t<h5 class=\"elementor-heading-title elementor-size-default\">CEO \/ Gesch\u00e4ftsf\u00fchrerin Lenka Kocourkov\u00e1<\/h5>\t\t\t\t<\/div>\n\t\t\t\t<\/div>\n\t\t\t\t<div class=\"elementor-element elementor-element-6214cb4d elementor-widget elementor-widget-heading\" data-id=\"6214cb4d\" data-element_type=\"widget\" data-e-type=\"widget\" data-widget_type=\"heading.default\">\n\t\t\t\t<div class=\"elementor-widget-container\">\n\t\t\t\t\t<h5 class=\"elementor-heading-title elementor-size-default\">CTO \/ Technischer Direktor Karel Blaha<\/h5>\t\t\t\t<\/div>\n\t\t\t\t<\/div>\n\t\t\t\t\t<\/div>\n\t\t<\/div>\n\t\t\t\t<div class=\"elementor-column elementor-col-50 elementor-top-column elementor-element elementor-element-64a36ee1\" data-id=\"64a36ee1\" data-element_type=\"column\" data-e-type=\"column\">\n\t\t\t<div class=\"elementor-widget-wrap elementor-element-populated\">\n\t\t\t\t\t\t<div class=\"elementor-element elementor-element-25082efd elementor-widget elementor-widget-heading\" data-id=\"25082efd\" data-element_type=\"widget\" data-e-type=\"widget\" data-widget_type=\"heading.default\">\n\t\t\t\t<div class=\"elementor-widget-container\">\n\t\t\t\t\t<h3 class=\"elementor-heading-title elementor-size-default\">Herunterladen<\/h3>\t\t\t\t<\/div>\n\t\t\t\t<\/div>\n\t\t\t\t<div class=\"elementor-element elementor-element-5d96755b elementor-widget__width-initial elementor-widget elementor-widget-button\" data-id=\"5d96755b\" data-element_type=\"widget\" data-e-type=\"widget\" data-widget_type=\"button.default\">\n\t\t\t\t<div class=\"elementor-widget-container\">\n\t\t\t\t\t\t\t\t\t<div class=\"elementor-button-wrapper\">\n\t\t\t\t\t<a class=\"elementor-button elementor-size-sm\" role=\"button\">\n\t\t\t\t\t\t<span class=\"elementor-button-content-wrapper\">\n\t\t\t\t\t\t<span class=\"elementor-button-icon\">\n\t\t\t\t<i aria-hidden=\"true\" class=\"fas fa-angle-right\"><\/i>\t\t\t<\/span>\n\t\t\t\t\t\t\t\t\t<span class=\"elementor-button-text\">Dokumente<\/span>\n\t\t\t\t\t<\/span>\n\t\t\t\t\t<\/a>\n\t\t\t\t<\/div>\n\t\t\t\t\t\t\t\t<\/div>\n\t\t\t\t<\/div>\n\t\t\t\t<div class=\"elementor-element elementor-element-71fbd5f6 elementor-widget__width-initial elementor-widget elementor-widget-button\" data-id=\"71fbd5f6\" data-element_type=\"widget\" data-e-type=\"widget\" data-widget_type=\"button.default\">\n\t\t\t\t<div class=\"elementor-widget-container\">\n\t\t\t\t\t\t\t\t\t<div class=\"elementor-button-wrapper\">\n\t\t\t\t\t<a class=\"elementor-button elementor-size-sm\" role=\"button\">\n\t\t\t\t\t\t<span class=\"elementor-button-content-wrapper\">\n\t\t\t\t\t\t<span class=\"elementor-button-icon\">\n\t\t\t\t<i aria-hidden=\"true\" class=\"fas fa-angle-right\"><\/i>\t\t\t<\/span>\n\t\t\t\t\t\t\t\t\t<span class=\"elementor-button-text\">Gesch\u00e4ftsbedingungen<\/span>\n\t\t\t\t\t<\/span>\n\t\t\t\t\t<\/a>\n\t\t\t\t<\/div>\n\t\t\t\t\t\t\t\t<\/div>\n\t\t\t\t<\/div>\n\t\t\t\t<div class=\"elementor-element elementor-element-33c535c8 elementor-widget__width-initial elementor-align-left elementor-widget elementor-widget-button\" data-id=\"33c535c8\" data-element_type=\"widget\" data-e-type=\"widget\" data-widget_type=\"button.default\">\n\t\t\t\t<div class=\"elementor-widget-container\">\n\t\t\t\t\t\t\t\t\t<div class=\"elementor-button-wrapper\">\n\t\t\t\t\t<a class=\"elementor-button elementor-button-link elementor-size-sm\" href=\"https:\/\/symtex-brno.com\/de\/zasady-ochrany-osobnich-udaju\/\">\n\t\t\t\t\t\t<span class=\"elementor-button-content-wrapper\">\n\t\t\t\t\t\t<span class=\"elementor-button-icon\">\n\t\t\t\t<i aria-hidden=\"true\" class=\"fas fa-angle-right\"><\/i>\t\t\t<\/span>\n\t\t\t\t\t\t\t\t\t<span class=\"elementor-button-text\">Datenschutzbestimmungen<\/span>\n\t\t\t\t\t<\/span>\n\t\t\t\t\t<\/a>\n\t\t\t\t<\/div>\n\t\t\t\t\t\t\t\t<\/div>\n\t\t\t\t<\/div>\n\t\t\t\t\t<\/div>\n\t\t<\/div>\n\t\t\t\t\t<\/div>\n\t\t<\/section>\n\t\t\t\t<section class=\"elementor-section elementor-top-section elementor-element elementor-element-bbb66d5 elementor-section-boxed elementor-section-height-default elementor-section-height-default\" data-id=\"bbb66d5\" data-element_type=\"section\" data-e-type=\"section\">\n\t\t\t\t\t\t<div class=\"elementor-container elementor-column-gap-default\">\n\t\t\t\t\t<div class=\"elementor-column elementor-col-100 elementor-top-column elementor-element elementor-element-aabf817\" data-id=\"aabf817\" data-element_type=\"column\" data-e-type=\"column\">\n\t\t\t<div class=\"elementor-widget-wrap elementor-element-populated\">\n\t\t\t\t\t\t<div class=\"elementor-element elementor-element-a63de84 elementor-widget__width-auto elementor-widget elementor-widget-button\" data-id=\"a63de84\" data-element_type=\"widget\" data-e-type=\"widget\" data-widget_type=\"button.default\">\n\t\t\t\t<div class=\"elementor-widget-container\">\n\t\t\t\t\t\t\t\t\t<div class=\"elementor-button-wrapper\">\n\t\t\t\t\t<a class=\"elementor-button elementor-button-link elementor-size-sm\" href=\"https:\/\/www.firmy.cz\/detail\/13616084-symtex-brno-s-r-o-brno.html#pridat-hodnoceni\">\n\t\t\t\t\t\t<span class=\"elementor-button-content-wrapper\">\n\t\t\t\t\t\t<span class=\"elementor-button-icon\">\n\t\t\t\t<i aria-hidden=\"true\" class=\"fas fa-angle-double-right\"><\/i>\t\t\t<\/span>\n\t\t\t\t\t\t\t\t\t<span class=\"elementor-button-text\">Ohodno\u0165te n\u00e1s na Firmy.cz<\/span>\n\t\t\t\t\t<\/span>\n\t\t\t\t\t<\/a>\n\t\t\t\t<\/div>\n\t\t\t\t\t\t\t\t<\/div>\n\t\t\t\t<\/div>\n\t\t\t\t\t<\/div>\n\t\t<\/div>\n\t\t\t\t\t<\/div>\n\t\t<\/section>\n\t\t\t\t<\/div>","protected":false},"excerpt":{"rendered":"<p>Symtex Brno s. r. o. Va\u0161i spolehliv\u00ed partne\u0159i pro pr\u016fmyslovou automatizaci a elektroinstalace Symtex Brno s.r.o. je mlad\u00e1 spole\u010dnost v oboru v\u00fdstavby pr\u016fmyslov\u00fdch z\u00e1vod\u016f s glob\u00e1ln\u00edm zam\u011b\u0159en\u00edm. Na\u0161i z\u00e1kazn\u00edci, p\u0159edev\u0161\u00edm ze sektoru v\u0161eobecn\u00e9ho pr\u016fmyslu, ale tak\u00e9 z automobilov\u00e9ho a leteck\u00e9ho pr\u016fmyslu, spol\u00e9haj\u00ed na na\u0161e zku\u0161enosti v oblasti pl\u00e1nov\u00e1n\u00ed, mont\u00e1\u017ee, \u00fadr\u017eby a servisu pr\u016fmyslov\u00fdch z\u00e1vod\u016f, za\u0159\u00edzen\u00ed [&hellip;]<\/p>\n","protected":false},"author":1,"featured_media":0,"parent":0,"menu_order":0,"comment_status":"closed","ping_status":"closed","template":"elementor_header_footer","meta":{"footnotes":""},"class_list":["post-24","page","type-page","status-publish","hentry"],"yoast_head":"<!-- This site is optimized with the Yoast SEO plugin v26.9 - https:\/\/yoast.com\/product\/yoast-seo-wordpress\/ -->\n<title>O n\u00e1s - Symtex<\/title>\n<meta name=\"robots\" content=\"index, follow, max-snippet:-1, max-image-preview:large, max-video-preview:-1\" \/>\n<link rel=\"canonical\" href=\"https:\/\/symtex-brno.com\/de\/o-nas\/\" \/>\n<meta property=\"og:locale\" content=\"de_DE\" \/>\n<meta property=\"og:type\" content=\"article\" \/>\n<meta property=\"og:title\" content=\"O n\u00e1s - Symtex\" \/>\n<meta property=\"og:description\" content=\"Symtex Brno s. r. o. Va\u0161i spolehliv\u00ed partne\u0159i pro pr\u016fmyslovou automatizaci a elektroinstalace Symtex Brno s.r.o. je mlad\u00e1 spole\u010dnost v oboru v\u00fdstavby pr\u016fmyslov\u00fdch z\u00e1vod\u016f s glob\u00e1ln\u00edm zam\u011b\u0159en\u00edm. Na\u0161i z\u00e1kazn\u00edci, p\u0159edev\u0161\u00edm ze sektoru v\u0161eobecn\u00e9ho pr\u016fmyslu, ale tak\u00e9 z automobilov\u00e9ho a leteck\u00e9ho pr\u016fmyslu, spol\u00e9haj\u00ed na na\u0161e zku\u0161enosti v oblasti pl\u00e1nov\u00e1n\u00ed, mont\u00e1\u017ee, \u00fadr\u017eby a servisu pr\u016fmyslov\u00fdch z\u00e1vod\u016f, za\u0159\u00edzen\u00ed [&hellip;]\" \/>\n<meta property=\"og:url\" content=\"https:\/\/symtex-brno.com\/de\/o-nas\/\" \/>\n<meta property=\"og:site_name\" content=\"Symtex\" \/>\n<meta property=\"article:modified_time\" content=\"2025-04-04T13:08:44+00:00\" \/>\n<meta name=\"twitter:card\" content=\"summary_large_image\" \/>\n<meta name=\"twitter:label1\" content=\"Gesch\u00e4tzte Lesezeit\" \/>\n\t<meta name=\"twitter:data1\" content=\"1\u00a0Minute\" \/>\n<script type=\"application\/ld+json\" class=\"yoast-schema-graph\">{\"@context\":\"https:\/\/schema.org\",\"@graph\":[{\"@type\":\"WebPage\",\"@id\":\"https:\/\/symtex-brno.com\/o-nas\/\",\"url\":\"https:\/\/symtex-brno.com\/o-nas\/\",\"name\":\"O n\u00e1s - Symtex\",\"isPartOf\":{\"@id\":\"https:\/\/symtex-brno.com\/#website\"},\"datePublished\":\"2023-06-09T15:28:05+00:00\",\"dateModified\":\"2025-04-04T13:08:44+00:00\",\"breadcrumb\":{\"@id\":\"https:\/\/symtex-brno.com\/o-nas\/#breadcrumb\"},\"inLanguage\":\"de\",\"potentialAction\":[{\"@type\":\"ReadAction\",\"target\":[\"https:\/\/symtex-brno.com\/o-nas\/\"]}]},{\"@type\":\"BreadcrumbList\",\"@id\":\"https:\/\/symtex-brno.com\/o-nas\/#breadcrumb\",\"itemListElement\":[{\"@type\":\"ListItem\",\"position\":1,\"name\":\"Dom\u016f\",\"item\":\"https:\/\/symtex-brno.com\/\"},{\"@type\":\"ListItem\",\"position\":2,\"name\":\"O n\u00e1s\"}]},{\"@type\":\"WebSite\",\"@id\":\"https:\/\/symtex-brno.com\/#website\",\"url\":\"https:\/\/symtex-brno.com\/\",\"name\":\"Symtex\",\"description\":\"Automatizace pro pr\u016fmyslov\u00e9 technologie\",\"publisher\":{\"@id\":\"https:\/\/symtex-brno.com\/#organization\"},\"potentialAction\":[{\"@type\":\"SearchAction\",\"target\":{\"@type\":\"EntryPoint\",\"urlTemplate\":\"https:\/\/symtex-brno.com\/?s={search_term_string}\"},\"query-input\":{\"@type\":\"PropertyValueSpecification\",\"valueRequired\":true,\"valueName\":\"search_term_string\"}}],\"inLanguage\":\"de\"},{\"@type\":\"Organization\",\"@id\":\"https:\/\/symtex-brno.com\/#organization\",\"name\":\"Symtex\",\"url\":\"https:\/\/symtex-brno.com\/\",\"logo\":{\"@type\":\"ImageObject\",\"inLanguage\":\"de\",\"@id\":\"https:\/\/symtex-brno.com\/#\/schema\/logo\/image\/\",\"url\":\"https:\/\/symtex-brno.com\/wp-content\/uploads\/2023\/06\/cropped-symtex.png\",\"contentUrl\":\"https:\/\/symtex-brno.com\/wp-content\/uploads\/2023\/06\/cropped-symtex.png\",\"width\":787,\"height\":725,\"caption\":\"Symtex\"},\"image\":{\"@id\":\"https:\/\/symtex-brno.com\/#\/schema\/logo\/image\/\"}}]}<\/script>\n<!-- \/ Yoast SEO plugin. -->","yoast_head_json":{"title":"O n\u00e1s - Symtex","robots":{"index":"index","follow":"follow","max-snippet":"max-snippet:-1","max-image-preview":"max-image-preview:large","max-video-preview":"max-video-preview:-1"},"canonical":"https:\/\/symtex-brno.com\/de\/o-nas\/","og_locale":"de_DE","og_type":"article","og_title":"O n\u00e1s - Symtex","og_description":"Symtex Brno s. r. o. Va\u0161i spolehliv\u00ed partne\u0159i pro pr\u016fmyslovou automatizaci a elektroinstalace Symtex Brno s.r.o. je mlad\u00e1 spole\u010dnost v oboru v\u00fdstavby pr\u016fmyslov\u00fdch z\u00e1vod\u016f s glob\u00e1ln\u00edm zam\u011b\u0159en\u00edm. Na\u0161i z\u00e1kazn\u00edci, p\u0159edev\u0161\u00edm ze sektoru v\u0161eobecn\u00e9ho pr\u016fmyslu, ale tak\u00e9 z automobilov\u00e9ho a leteck\u00e9ho pr\u016fmyslu, spol\u00e9haj\u00ed na na\u0161e zku\u0161enosti v oblasti pl\u00e1nov\u00e1n\u00ed, mont\u00e1\u017ee, \u00fadr\u017eby a servisu pr\u016fmyslov\u00fdch z\u00e1vod\u016f, za\u0159\u00edzen\u00ed [&hellip;]","og_url":"https:\/\/symtex-brno.com\/de\/o-nas\/","og_site_name":"Symtex","article_modified_time":"2025-04-04T13:08:44+00:00","twitter_card":"summary_large_image","twitter_misc":{"Gesch\u00e4tzte Lesezeit":"1\u00a0Minute"},"schema":{"@context":"https:\/\/schema.org","@graph":[{"@type":"WebPage","@id":"https:\/\/symtex-brno.com\/o-nas\/","url":"https:\/\/symtex-brno.com\/o-nas\/","name":"O n\u00e1s - Symtex","isPartOf":{"@id":"https:\/\/symtex-brno.com\/#website"},"datePublished":"2023-06-09T15:28:05+00:00","dateModified":"2025-04-04T13:08:44+00:00","breadcrumb":{"@id":"https:\/\/symtex-brno.com\/o-nas\/#breadcrumb"},"inLanguage":"de","potentialAction":[{"@type":"ReadAction","target":["https:\/\/symtex-brno.com\/o-nas\/"]}]},{"@type":"BreadcrumbList","@id":"https:\/\/symtex-brno.com\/o-nas\/#breadcrumb","itemListElement":[{"@type":"ListItem","position":1,"name":"Dom\u016f","item":"https:\/\/symtex-brno.com\/"},{"@type":"ListItem","position":2,"name":"O n\u00e1s"}]},{"@type":"WebSite","@id":"https:\/\/symtex-brno.com\/#website","url":"https:\/\/symtex-brno.com\/","name":"Symtex","description":"Automatizace pro pr\u016fmyslov\u00e9 technologie","publisher":{"@id":"https:\/\/symtex-brno.com\/#organization"},"potentialAction":[{"@type":"SearchAction","target":{"@type":"EntryPoint","urlTemplate":"https:\/\/symtex-brno.com\/?s={search_term_string}"},"query-input":{"@type":"PropertyValueSpecification","valueRequired":true,"valueName":"search_term_string"}}],"inLanguage":"de"},{"@type":"Organization","@id":"https:\/\/symtex-brno.com\/#organization","name":"Symtex","url":"https:\/\/symtex-brno.com\/","logo":{"@type":"ImageObject","inLanguage":"de","@id":"https:\/\/symtex-brno.com\/#\/schema\/logo\/image\/","url":"https:\/\/symtex-brno.com\/wp-content\/uploads\/2023\/06\/cropped-symtex.png","contentUrl":"https:\/\/symtex-brno.com\/wp-content\/uploads\/2023\/06\/cropped-symtex.png","width":787,"height":725,"caption":"Symtex"},"image":{"@id":"https:\/\/symtex-brno.com\/#\/schema\/logo\/image\/"}}]}},"_links":{"self":[{"href":"https:\/\/symtex-brno.com\/de\/wp-json\/wp\/v2\/pages\/24","targetHints":{"allow":["GET"]}}],"collection":[{"href":"https:\/\/symtex-brno.com\/de\/wp-json\/wp\/v2\/pages"}],"about":[{"href":"https:\/\/symtex-brno.com\/de\/wp-json\/wp\/v2\/types\/page"}],"author":[{"embeddable":true,"href":"https:\/\/symtex-brno.com\/de\/wp-json\/wp\/v2\/users\/1"}],"replies":[{"embeddable":true,"href":"https:\/\/symtex-brno.com\/de\/wp-json\/wp\/v2\/comments?post=24"}],"version-history":[{"count":28,"href":"https:\/\/symtex-brno.com\/de\/wp-json\/wp\/v2\/pages\/24\/revisions"}],"predecessor-version":[{"id":483,"href":"https:\/\/symtex-brno.com\/de\/wp-json\/wp\/v2\/pages\/24\/revisions\/483"}],"wp:attachment":[{"href":"https:\/\/symtex-brno.com\/de\/wp-json\/wp\/v2\/media?parent=24"}],"curies":[{"name":"wp","href":"https:\/\/api.w.org\/{rel}","templated":true}]}}