{"id":3,"date":"2023-06-07T14:49:52","date_gmt":"2023-06-07T14:49:52","guid":{"rendered":"http:\/\/symtex.webfusion.cz\/?page_id=3"},"modified":"2023-08-07T11:20:35","modified_gmt":"2023-08-07T11:20:35","slug":"zasady-ochrany-osobnich-udaju","status":"publish","type":"page","link":"https:\/\/symtex-brno.com\/de\/zasady-ochrany-osobnich-udaju\/","title":{"rendered":"Datenschutzbestimmungen"},"content":{"rendered":"<div data-elementor-type=\"wp-page\" data-elementor-id=\"3\" class=\"elementor elementor-3\" data-elementor-post-type=\"page\">\n\t\t\t\t\t\t<section class=\"elementor-section elementor-top-section elementor-element elementor-element-df1ea8a elementor-section-boxed elementor-section-height-default elementor-section-height-default\" data-id=\"df1ea8a\" data-element_type=\"section\" data-e-type=\"section\">\n\t\t\t\t\t\t<div class=\"elementor-container elementor-column-gap-default\">\n\t\t\t\t\t<div class=\"elementor-column elementor-col-100 elementor-top-column elementor-element elementor-element-4c9a04f2\" data-id=\"4c9a04f2\" data-element_type=\"column\" data-e-type=\"column\">\n\t\t\t<div class=\"elementor-widget-wrap elementor-element-populated\">\n\t\t\t\t\t\t<div class=\"elementor-element elementor-element-f2cfb8c elementor-widget elementor-widget-text-editor\" data-id=\"f2cfb8c\" data-element_type=\"widget\" data-e-type=\"widget\" data-widget_type=\"text-editor.default\">\n\t\t\t\t<div class=\"elementor-widget-container\">\n\t\t\t\t\t\t\t\t\t<div class=\"page\" title=\"Page 1\">\n<div class=\"layoutArea\">\n<div class=\"column\">\n<p style=\"text-align: left;\">I.<br \/>Za\u0301kladni\u0301 ustanoveni\u0301<\/p>\n<ol style=\"text-align: left;\">\n<li>\n<p>Spra\u0301vcem osobni\u0301ch u\u0301daju\u030a podle c\u030cl. 4 bod 7 nar\u030ci\u0301zeni\u0301 Evropske\u0301ho parlamentu a Rady (EU) 2016\/679 o ochrane\u030c fyzicky\u0301ch osob v souvislosti se zpracova\u0301ni\u0301m osobni\u0301ch u\u0301daju\u030a a o volne\u0301m pohybu te\u030cchto u\u0301daju\u030a (da\u0301le jen: \u201eGDPR\u201d) je Symtex Brno IC\u030c 180710474 se si\u0301dlem Kra\u0301lova 279\/9, 616 00 Brno da\u0301le jen: \u201espra\u0301vce\u201c.<\/p>\n<\/li>\n<li>\n<p>Kontaktni\u0301 u\u0301daje spra\u0301vce jsou<\/p>\n<\/li>\n<\/ol>\n<p style=\"text-align: left;\">adresa: Kra\u0301lova 279\/9, 616 00 Brno email: office@symtex-brno.com telefon: +420 702 222 414<\/p>\n<p style=\"text-align: left;\">3. Osobni\u0301mi u\u0301daji se rozumi\u0301 ves\u030ckere\u0301 informace o identifikovane\u0301 nebo identifikovatelne\u0301 fyzicke\u0301 osobe\u030c; identifikovatelnou fyzickou osobou je fyzicka\u0301 osoba, kterou lze pr\u030ci\u0301mo c\u030ci nepr\u030ci\u0301mo identifikovat, zejme\u0301na odkazem na urc\u030city\u0301 identifika\u0301tor, napr\u030ci\u0301klad jme\u0301no, identifikac\u030cni\u0301 c\u030ci\u0301slo, lokac\u030cni\u0301 u\u0301daje, si\u0301t\u030covy\u0301 identifika\u0301tor nebo na jeden c\u030ci vi\u0301ce zvla\u0301s\u030ctni\u0301ch prvku\u030a fyzicke\u0301, fyziologicke\u0301, geneticke\u0301, psychicke\u0301, ekonomicke\u0301, kulturni\u0301 nebo spolec\u030censke\u0301 identity te\u0301to fyzicke\u0301 osoby.<\/p>\n<p style=\"text-align: left;\">4. Spra\u0301vce nejmenoval pove\u030cr\u030cence pro ochranu osobni\u0301ch u\u0301daju\u030a.<\/p>\n<p style=\"text-align: left;\">II.<br \/>Zdroje a kategorie zpracova\u0301vany\u0301ch osobni\u0301ch u\u0301daju\u030a<\/p>\n<ol style=\"text-align: left;\">\n<li>\n<p>Spra\u0301vce zpracova\u0301va\u0301 osobni\u0301 u\u0301daje, ktere\u0301 jste mu poskytl\/a nebo osobni\u0301 u\u0301daje, ktere\u0301 spra\u0301vce zi\u0301skal na za\u0301klade\u030c plne\u030cni\u0301 Vas\u030ci\u0301 objedna\u0301vky.<\/p>\n<\/li>\n<li>\n<p>Spra\u0301vce zpracova\u0301va\u0301 Vas\u030ce identifikac\u030cni\u0301 a kontaktni\u0301 u\u0301daje a u\u0301daje nezbytne\u0301 pro plne\u030cni\u0301 smlouvy.<\/p>\n<p>III.<br \/>Za\u0301konny\u0301 du\u030avod a u\u0301c\u030cel zpracova\u0301ni\u0301 osobni\u0301ch u\u0301daju\u030a<\/p>\n<\/li>\n<\/ol>\n<ol style=\"text-align: left;\">\n<li>\n<p>Za\u0301konny\u0301m du\u030avodem zpracova\u0301ni\u0301 osobni\u0301ch u\u0301daju\u030a je<\/p>\n<ul>\n<li>\n<p>plne\u030cni\u0301 smlouvy mezi Va\u0301mi a spra\u0301vcem podle c\u030cl. 6 odst. 1 pi\u0301sm. b) GDPR,<\/p>\n<\/li>\n<li>\n<p>opra\u0301vne\u030cny\u0301 za\u0301jem spra\u0301vce na poskytova\u0301ni\u0301 pr\u030ci\u0301me\u0301ho marketingu (zejme\u0301na pro<\/p>\n<p>zasi\u0301la\u0301ni\u0301 obchodni\u0301ch sde\u030cleni\u0301 a newsletteru\u030a) podle c\u030cl. 6 odst. 1 pi\u0301sm. f) GDPR,<\/p>\n<\/li>\n<li>\n<p>Va\u0301s\u030c souhlas se zpracova\u0301ni\u0301m pro u\u0301c\u030cely poskytova\u0301ni\u0301 pr\u030ci\u0301me\u0301ho marketingu (zejme\u0301na pro zasi\u0301la\u0301ni\u0301 obchodni\u0301ch sde\u030cleni\u0301 a newsletteru\u030a) podle c\u030cl. 6 odst. 1 pi\u0301sm. a) GDPR ve spojeni\u0301 s \u00a7 7 odst. 2 za\u0301kona c\u030c. 480\/2004 Sb., o ne\u030cktery\u0301ch sluz\u030cba\u0301ch informac\u030cni\u0301 spolec\u030cnosti vpr\u030ci\u0301pade\u030c, z\u030ce nedos\u030clo kobjedna\u0301vce zboz\u030ci\u0301<\/p>\n<p>nebo sluz\u030cby.<\/p>\n<\/li>\n<\/ul>\n<\/li>\n<li>\n<p>U\u0301c\u030celem zpracova\u0301ni\u0301 osobni\u0301ch u\u0301daju\u030a je<\/p>\n<\/li>\n<\/ol>\n<p style=\"text-align: left;\">\u2022 vyr\u030ci\u0301zeni\u0301 Vas\u030ci\u0301 objedna\u0301vky a vy\u0301kon pra\u0301v a povinnosti\u0301 vyply\u0301vaji\u0301ci\u0301ch ze smluvni\u0301ho vztahu mezi Va\u0301mi a spra\u0301vcem; pr\u030ci objedna\u0301vce jsou vyz\u030cadova\u0301ny osobni\u0301 u\u0301daje, ktere\u0301 jsou nutne\u0301 pro u\u0301spe\u030cs\u030cne\u0301 vyr\u030ci\u0301zeni\u0301 objedna\u0301vky (jme\u0301no a adresa, kontakt),<\/p>\n<\/div>\n<\/div>\n<div class=\"layoutArea\" style=\"text-align: left;\">\n<div class=\"column\">\n<p>1<\/p>\n<\/div>\n<\/div>\n<\/div>\n<div class=\"page\" style=\"text-align: left;\" title=\"Page 2\">\n<div class=\"layoutArea\">\n<div class=\"column\">\n<p>poskytnuti\u0301 osobni\u0301ch u\u0301daju\u030a je nutny\u0301m poz\u030cadavkem pro uzavr\u030ceni\u0301 a plne\u030cni\u0301 smlouvy, bez poskytnuti\u0301 osobni\u0301ch u\u0301daju\u030a neni\u0301 moz\u030cne\u0301 smlouvu uzavr\u030ci\u0301t c\u030ci ji\u0301 ze strany spra\u0301vce plnit,<\/p>\n<p>\u2022 zasi\u0301la\u0301ni\u0301 obchodni\u0301ch sde\u030cleni\u0301 a c\u030cine\u030cni\u0301 dals\u030ci\u0301ch marketingovy\u0301ch aktivit.<br \/>3. Ze strany spra\u0301vce nedocha\u0301zi\u0301 k automaticke\u0301mu individua\u0301lni\u0301mu rozhodova\u0301ni\u0301 ve smyslu<\/p>\n<p>c\u030cl. 22 GDPR. S takovy\u0301m zpracova\u0301ni\u0301m jste poskytl\/a svu\u030aj vy\u0301slovny\u0301 souhlas.<\/p>\n<p>IV.<br \/>Doba uchova\u0301va\u0301ni\u0301 u\u0301daju\u030a<\/p>\n<ol>\n<li>\n<p>Spra\u0301vce uchova\u0301va\u0301 osobni\u0301 u\u0301daje<\/p>\n<ul>\n<li>\n<p>po dobu nezbytnou k vy\u0301konu pra\u0301v a povinnosti\u0301 vyply\u0301vaji\u0301ci\u0301ch ze smluvni\u0301ho<\/p>\n<p>vztahu mezi Va\u0301mi a spra\u0301vcem a uplatn\u030cova\u0301ni\u0301 na\u0301roku\u030a z te\u030cchto smluvni\u0301ch vztahu\u030a<\/p>\n<p>(po dobu 15 let od ukonc\u030ceni\u0301 smluvni\u0301ho vztahu).<\/p>\n<\/li>\n<li>\n<p>po dobu, nez\u030c je odvola\u0301n souhlas se zpracova\u0301ni\u0301m osobni\u0301ch u\u0301daju\u030a pro u\u0301c\u030cely<\/p>\n<p>marketingu, nejde\u0301le 2 let, jsou-li osobni\u0301 u\u0301daje zpracova\u0301va\u0301ny na za\u0301klade\u030c<\/p>\n<p>souhlasu.<\/p>\n<\/li>\n<\/ul>\n<\/li>\n<li>\n<p>Po uplynuti\u0301 doby uchova\u0301va\u0301ni\u0301 osobni\u0301ch u\u0301daju\u030a spra\u0301vce osobni\u0301 u\u0301daje vymaz\u030ce.<\/p>\n<p>V.<br \/>Pr\u030ci\u0301jemci osobni\u0301ch u\u0301daju\u030a (subdodavatele\u0301 spra\u0301vce)<\/p>\n<\/li>\n<\/ol>\n<ol>\n<li>\n<p>Pr\u030ci\u0301jemci osobni\u0301ch u\u0301daju\u030a jsou osoby<\/p>\n<ul>\n<li>\n<p>podi\u0301leji\u0301ci\u0301 se na doda\u0301ni\u0301 zboz\u030ci\u0301 \/ sluz\u030ceb \/ realizaci plateb na za\u0301klade\u030c smlouvy,<\/p>\n<\/li>\n<li>\n<p>podi\u0301leji\u0301ci\u0301 se na zajis\u030cte\u030cni\u0301 provozu sluz\u030ceb,<\/p>\n<\/li>\n<li>\n<p>zajis\u030ct\u030cuji\u0301ci\u0301 marketingove\u0301 sluz\u030cby.<\/p>\n<\/li>\n<\/ul>\n<\/li>\n<li>\n<p>Spra\u0301vce ma\u0301 u\u0301myslu pr\u030cedat osobni\u0301 u\u0301daje do tr\u030ceti\u0301 zeme\u030c (do zeme\u030c mimo EU) nebo mezina\u0301rodni\u0301 organizaci. Pr\u030ci\u0301jemci osobni\u0301ch u\u0301daju\u030a ve tr\u030ceti\u0301ch zemi\u0301ch jsou poskytovatele\u0301 mailingovy\u0301ch sluz\u030ceb \/ cloudovy\u0301ch sluz\u030ceb.<\/p>\n<p>VI. Vas\u030ce pra\u0301va<\/p>\n<\/li>\n<\/ol>\n<ol>\n<li>\n<p>Za podmi\u0301nek stanoveny\u0301ch v GDPR ma\u0301te<\/p>\n<ul>\n<li>\n<p>pra\u0301vo na pr\u030ci\u0301stup ke svy\u0301m osobni\u0301m u\u0301daju\u030am dle c\u030cl. 15 GDPR,<\/p>\n<\/li>\n<li>\n<p>pra\u0301vo opravu osobni\u0301ch u\u0301daju\u030a dle c\u030cl. 16 GDPR, popr\u030ci\u0301pade\u030c omezeni\u0301 zpracova\u0301ni\u0301<\/p>\n<p>dle c\u030cl. 18 GDPR.<\/p>\n<\/li>\n<li>\n<p>pra\u0301vo na vy\u0301maz osobni\u0301ch u\u0301daju\u030a dle c\u030cl. 17 GDPR.<\/p>\n<\/li>\n<li>\n<p>pra\u0301vo vzne\u0301st na\u0301mitku proti zpracova\u0301ni\u0301 dle c\u030cl. 21 GDPR a<\/p>\n<\/li>\n<li>\n<p>pra\u0301vo na pr\u030cenositelnost u\u0301daju\u030a dle c\u030cl. 20 GDPR.<\/p>\n<\/li>\n<li>\n<p>pra\u0301vo odvolat souhlas se zpracova\u0301ni\u0301m pi\u0301semne\u030c nebo elektronicky na adresu<\/p>\n<p>nebo email spra\u0301vce uvedeny\u0301 v c\u030cl. III te\u030cchto podmi\u0301nek.<\/p>\n<\/li>\n<\/ul>\n<\/li>\n<li>\n<p>Da\u0301le ma\u0301te pra\u0301vo podat sti\u0301z\u030cnost u U\u0301r\u030cadu pro ochranu osobni\u0301ch u\u0301daju\u030a v pr\u030ci\u0301pade\u030c, z\u030ce se<\/p>\n<p>domni\u0301va\u0301te, z\u030ce bylo porus\u030ceno Vas\u030ci\u0301 pra\u0301vo na ochranu osobni\u0301ch u\u0301daju\u030a. 2<\/p>\n<\/li>\n<\/ol>\n<\/div>\n<\/div>\n<\/div>\n<div class=\"page\" title=\"Page 3\">\n<div class=\"layoutArea\">\n<div class=\"column\">\n<p style=\"text-align: left;\">VII.<br \/>Podmi\u0301nky zabezpec\u030ceni\u0301 osobni\u0301ch u\u0301daju\u030a<\/p>\n<ol style=\"text-align: left;\">\n<li>\n<p>Spra\u0301vce prohlas\u030cuje, z\u030ce pr\u030cijal ves\u030ckera\u0301 vhodna\u0301 technicka\u0301 a organizac\u030cni\u0301 opatr\u030ceni\u0301 k zabezpec\u030ceni\u0301 osobni\u0301ch u\u0301daju\u030a.<\/p>\n<\/li>\n<li>\n<p>Spra\u0301vce pr\u030cijal technicka\u0301 opatr\u030ceni\u0301 k zabezpec\u030ceni\u0301 datovy\u0301ch u\u0301loz\u030cis\u030ct\u030c a u\u0301loz\u030cis\u030ct\u030c osobni\u0301ch u\u0301daju\u030a v listinne\u0301 podobe\u030c. Spra\u0301vce prohlas\u030cuje, z\u030ce k osobni\u0301m u\u0301daju\u030am maji\u0301 pr\u030ci\u0301stup pouze ji\u0301m pove\u030cr\u030cene\u0301 osoby.<\/p>\n<p>VIII. Za\u0301ve\u030crec\u030cna\u0301 ustanoveni\u0301<\/p>\n<\/li>\n<\/ol>\n<ol style=\"text-align: left;\">\n<li>\n<p>Odesla\u0301ni\u0301m objedna\u0301vky z internetove\u0301ho objedna\u0301vkove\u0301ho formula\u0301r\u030ce potvrzujete, z\u030ce jste sezna\u0301men\/a s podmi\u0301nkami ochrany osobni\u0301ch u\u0301daju\u030a a z\u030ce je v cele\u0301m rozsahu pr\u030ciji\u0301ma\u0301te.<\/p>\n<\/li>\n<li>\n<p>S te\u030cmito podmi\u0301nkami souhlasi\u0301te zas\u030ckrtnuti\u0301m souhlasu prostr\u030cednictvi\u0301m internetove\u0301ho formula\u0301r\u030ce. Zas\u030ckrtnuti\u0301m souhlasu potvrzujete, z\u030ce jste sezna\u0301men\/a s podmi\u0301nkami ochrany osobni\u0301ch u\u0301daju\u030a a z\u030ce je v cele\u0301m rozsahu pr\u030ciji\u0301ma\u0301te.<\/p>\n<\/li>\n<li>\n<p>Spra\u0301vce je opra\u0301vne\u030cn tyto podmi\u0301nky zme\u030cnit. Novou verzi podmi\u0301nek ochrany osobni\u0301ch u\u0301daju\u030a zver\u030cejni\u0301 na svy\u0301ch internetovy\u0301ch stra\u0301nka\u0301ch, pr\u030ci\u0301padne\u030c Va\u0301m zas\u030cle novou verzi te\u030cchto podmi\u0301nek na e-mailovou adresu, kterou jste spra\u0301vci poskytl\/a.<\/p>\n<\/li>\n<\/ol>\n<p style=\"text-align: left;\">Tyto podmi\u0301nky naby\u0301vaji\u0301 u\u0301c\u030cinnosti dnem 28.07.2023<\/p>\n<\/div>\n<\/div>\n<\/div>\t\t\t\t\t\t\t\t<\/div>\n\t\t\t\t<\/div>\n\t\t\t\t\t<\/div>\n\t\t<\/div>\n\t\t\t\t\t<\/div>\n\t\t<\/section>\n\t\t\t\t<\/div>","protected":false},"excerpt":{"rendered":"<p>I. Z\u00e1kladn\u00ed ustanoven\u00ed Spr\u00e1vcem osobn\u00edch \u00fadaj\u016f podle \u010dl. 4 bod 7 na\u0159\u00edzen\u00ed Evropsk\u00e9ho parlamentu a Rady (EU) 2016\/679 o ochran\u011b fyzick\u00fdch osob v souvislosti se zpracov\u00e1n\u00edm osobn\u00edch \u00fadaj\u016f a o voln\u00e9m pohybu t\u011bchto \u00fadaj\u016f (d\u00e1le jen: \u201eGDPR\u201d) je Symtex Brno I\u010c 180710474 se s\u00eddlem Kr\u00e1lova 279\/9, 616 00 Brno d\u00e1le jen: \u201espr\u00e1vce\u201c. Kontaktn\u00ed \u00fadaje spr\u00e1vce [&hellip;]<\/p>\n","protected":false},"author":1,"featured_media":0,"parent":0,"menu_order":0,"comment_status":"closed","ping_status":"open","template":"","meta":{"footnotes":""},"class_list":["post-3","page","type-page","status-publish","hentry"],"yoast_head":"<!-- This site is optimized with the Yoast SEO plugin v26.9 - https:\/\/yoast.com\/product\/yoast-seo-wordpress\/ -->\n<title>Z\u00e1sady ochrany osobn\u00edch \u00fadaj\u016f - Symtex<\/title>\n<meta name=\"robots\" content=\"index, follow, max-snippet:-1, max-image-preview:large, max-video-preview:-1\" \/>\n<link rel=\"canonical\" href=\"https:\/\/symtex-brno.com\/de\/zasady-ochrany-osobnich-udaju\/\" \/>\n<meta property=\"og:locale\" content=\"de_DE\" \/>\n<meta property=\"og:type\" content=\"article\" \/>\n<meta property=\"og:title\" content=\"Z\u00e1sady ochrany osobn\u00edch \u00fadaj\u016f - Symtex\" \/>\n<meta property=\"og:description\" content=\"I. Z\u00e1kladn\u00ed ustanoven\u00ed Spr\u00e1vcem osobn\u00edch \u00fadaj\u016f podle \u010dl. 4 bod 7 na\u0159\u00edzen\u00ed Evropsk\u00e9ho parlamentu a Rady (EU) 2016\/679 o ochran\u011b fyzick\u00fdch osob v souvislosti se zpracov\u00e1n\u00edm osobn\u00edch \u00fadaj\u016f a o voln\u00e9m pohybu t\u011bchto \u00fadaj\u016f (d\u00e1le jen: \u201eGDPR\u201d) je Symtex Brno I\u010c 180710474 se s\u00eddlem Kr\u00e1lova 279\/9, 616 00 Brno d\u00e1le jen: \u201espr\u00e1vce\u201c. Kontaktn\u00ed \u00fadaje spr\u00e1vce [&hellip;]\" \/>\n<meta property=\"og:url\" content=\"https:\/\/symtex-brno.com\/de\/zasady-ochrany-osobnich-udaju\/\" \/>\n<meta property=\"og:site_name\" content=\"Symtex\" \/>\n<meta property=\"article:modified_time\" content=\"2023-08-07T11:20:35+00:00\" \/>\n<meta name=\"twitter:card\" content=\"summary_large_image\" \/>\n<meta name=\"twitter:label1\" content=\"Gesch\u00e4tzte Lesezeit\" \/>\n\t<meta name=\"twitter:data1\" content=\"5\u00a0Minuten\" \/>\n<script type=\"application\/ld+json\" class=\"yoast-schema-graph\">{\"@context\":\"https:\/\/schema.org\",\"@graph\":[{\"@type\":\"WebPage\",\"@id\":\"https:\/\/symtex-brno.com\/zasady-ochrany-osobnich-udaju\/\",\"url\":\"https:\/\/symtex-brno.com\/zasady-ochrany-osobnich-udaju\/\",\"name\":\"Z\u00e1sady ochrany osobn\u00edch \u00fadaj\u016f - Symtex\",\"isPartOf\":{\"@id\":\"https:\/\/symtex-brno.com\/#website\"},\"datePublished\":\"2023-06-07T14:49:52+00:00\",\"dateModified\":\"2023-08-07T11:20:35+00:00\",\"breadcrumb\":{\"@id\":\"https:\/\/symtex-brno.com\/zasady-ochrany-osobnich-udaju\/#breadcrumb\"},\"inLanguage\":\"de\",\"potentialAction\":[{\"@type\":\"ReadAction\",\"target\":[\"https:\/\/symtex-brno.com\/zasady-ochrany-osobnich-udaju\/\"]}]},{\"@type\":\"BreadcrumbList\",\"@id\":\"https:\/\/symtex-brno.com\/zasady-ochrany-osobnich-udaju\/#breadcrumb\",\"itemListElement\":[{\"@type\":\"ListItem\",\"position\":1,\"name\":\"Dom\u016f\",\"item\":\"https:\/\/symtex-brno.com\/\"},{\"@type\":\"ListItem\",\"position\":2,\"name\":\"Z\u00e1sady ochrany osobn\u00edch \u00fadaj\u016f\"}]},{\"@type\":\"WebSite\",\"@id\":\"https:\/\/symtex-brno.com\/#website\",\"url\":\"https:\/\/symtex-brno.com\/\",\"name\":\"Symtex\",\"description\":\"Automatizace pro pr\u016fmyslov\u00e9 technologie\",\"publisher\":{\"@id\":\"https:\/\/symtex-brno.com\/#organization\"},\"potentialAction\":[{\"@type\":\"SearchAction\",\"target\":{\"@type\":\"EntryPoint\",\"urlTemplate\":\"https:\/\/symtex-brno.com\/?s={search_term_string}\"},\"query-input\":{\"@type\":\"PropertyValueSpecification\",\"valueRequired\":true,\"valueName\":\"search_term_string\"}}],\"inLanguage\":\"de\"},{\"@type\":\"Organization\",\"@id\":\"https:\/\/symtex-brno.com\/#organization\",\"name\":\"Symtex\",\"url\":\"https:\/\/symtex-brno.com\/\",\"logo\":{\"@type\":\"ImageObject\",\"inLanguage\":\"de\",\"@id\":\"https:\/\/symtex-brno.com\/#\/schema\/logo\/image\/\",\"url\":\"https:\/\/symtex-brno.com\/wp-content\/uploads\/2023\/06\/cropped-symtex.png\",\"contentUrl\":\"https:\/\/symtex-brno.com\/wp-content\/uploads\/2023\/06\/cropped-symtex.png\",\"width\":787,\"height\":725,\"caption\":\"Symtex\"},\"image\":{\"@id\":\"https:\/\/symtex-brno.com\/#\/schema\/logo\/image\/\"}}]}<\/script>\n<!-- \/ Yoast SEO plugin. -->","yoast_head_json":{"title":"Z\u00e1sady ochrany osobn\u00edch \u00fadaj\u016f - Symtex","robots":{"index":"index","follow":"follow","max-snippet":"max-snippet:-1","max-image-preview":"max-image-preview:large","max-video-preview":"max-video-preview:-1"},"canonical":"https:\/\/symtex-brno.com\/de\/zasady-ochrany-osobnich-udaju\/","og_locale":"de_DE","og_type":"article","og_title":"Z\u00e1sady ochrany osobn\u00edch \u00fadaj\u016f - Symtex","og_description":"I. Z\u00e1kladn\u00ed ustanoven\u00ed Spr\u00e1vcem osobn\u00edch \u00fadaj\u016f podle \u010dl. 4 bod 7 na\u0159\u00edzen\u00ed Evropsk\u00e9ho parlamentu a Rady (EU) 2016\/679 o ochran\u011b fyzick\u00fdch osob v souvislosti se zpracov\u00e1n\u00edm osobn\u00edch \u00fadaj\u016f a o voln\u00e9m pohybu t\u011bchto \u00fadaj\u016f (d\u00e1le jen: \u201eGDPR\u201d) je Symtex Brno I\u010c 180710474 se s\u00eddlem Kr\u00e1lova 279\/9, 616 00 Brno d\u00e1le jen: \u201espr\u00e1vce\u201c. Kontaktn\u00ed \u00fadaje spr\u00e1vce [&hellip;]","og_url":"https:\/\/symtex-brno.com\/de\/zasady-ochrany-osobnich-udaju\/","og_site_name":"Symtex","article_modified_time":"2023-08-07T11:20:35+00:00","twitter_card":"summary_large_image","twitter_misc":{"Gesch\u00e4tzte Lesezeit":"5\u00a0Minuten"},"schema":{"@context":"https:\/\/schema.org","@graph":[{"@type":"WebPage","@id":"https:\/\/symtex-brno.com\/zasady-ochrany-osobnich-udaju\/","url":"https:\/\/symtex-brno.com\/zasady-ochrany-osobnich-udaju\/","name":"Z\u00e1sady ochrany osobn\u00edch \u00fadaj\u016f - Symtex","isPartOf":{"@id":"https:\/\/symtex-brno.com\/#website"},"datePublished":"2023-06-07T14:49:52+00:00","dateModified":"2023-08-07T11:20:35+00:00","breadcrumb":{"@id":"https:\/\/symtex-brno.com\/zasady-ochrany-osobnich-udaju\/#breadcrumb"},"inLanguage":"de","potentialAction":[{"@type":"ReadAction","target":["https:\/\/symtex-brno.com\/zasady-ochrany-osobnich-udaju\/"]}]},{"@type":"BreadcrumbList","@id":"https:\/\/symtex-brno.com\/zasady-ochrany-osobnich-udaju\/#breadcrumb","itemListElement":[{"@type":"ListItem","position":1,"name":"Dom\u016f","item":"https:\/\/symtex-brno.com\/"},{"@type":"ListItem","position":2,"name":"Z\u00e1sady ochrany osobn\u00edch \u00fadaj\u016f"}]},{"@type":"WebSite","@id":"https:\/\/symtex-brno.com\/#website","url":"https:\/\/symtex-brno.com\/","name":"Symtex","description":"Automatizace pro pr\u016fmyslov\u00e9 technologie","publisher":{"@id":"https:\/\/symtex-brno.com\/#organization"},"potentialAction":[{"@type":"SearchAction","target":{"@type":"EntryPoint","urlTemplate":"https:\/\/symtex-brno.com\/?s={search_term_string}"},"query-input":{"@type":"PropertyValueSpecification","valueRequired":true,"valueName":"search_term_string"}}],"inLanguage":"de"},{"@type":"Organization","@id":"https:\/\/symtex-brno.com\/#organization","name":"Symtex","url":"https:\/\/symtex-brno.com\/","logo":{"@type":"ImageObject","inLanguage":"de","@id":"https:\/\/symtex-brno.com\/#\/schema\/logo\/image\/","url":"https:\/\/symtex-brno.com\/wp-content\/uploads\/2023\/06\/cropped-symtex.png","contentUrl":"https:\/\/symtex-brno.com\/wp-content\/uploads\/2023\/06\/cropped-symtex.png","width":787,"height":725,"caption":"Symtex"},"image":{"@id":"https:\/\/symtex-brno.com\/#\/schema\/logo\/image\/"}}]}},"_links":{"self":[{"href":"https:\/\/symtex-brno.com\/de\/wp-json\/wp\/v2\/pages\/3","targetHints":{"allow":["GET"]}}],"collection":[{"href":"https:\/\/symtex-brno.com\/de\/wp-json\/wp\/v2\/pages"}],"about":[{"href":"https:\/\/symtex-brno.com\/de\/wp-json\/wp\/v2\/types\/page"}],"author":[{"embeddable":true,"href":"https:\/\/symtex-brno.com\/de\/wp-json\/wp\/v2\/users\/1"}],"replies":[{"embeddable":true,"href":"https:\/\/symtex-brno.com\/de\/wp-json\/wp\/v2\/comments?post=3"}],"version-history":[{"count":4,"href":"https:\/\/symtex-brno.com\/de\/wp-json\/wp\/v2\/pages\/3\/revisions"}],"predecessor-version":[{"id":256,"href":"https:\/\/symtex-brno.com\/de\/wp-json\/wp\/v2\/pages\/3\/revisions\/256"}],"wp:attachment":[{"href":"https:\/\/symtex-brno.com\/de\/wp-json\/wp\/v2\/media?parent=3"}],"curies":[{"name":"wp","href":"https:\/\/api.w.org\/{rel}","templated":true}]}}