{"id":15,"date":"2023-06-09T15:28:04","date_gmt":"2023-06-09T15:28:04","guid":{"rendered":"http:\/\/symtex.webfusion.cz\/kariera\/"},"modified":"2025-02-24T12:49:04","modified_gmt":"2025-02-24T12:49:04","slug":"kariera","status":"publish","type":"page","link":"https:\/\/symtex-brno.com\/en\/kariera\/","title":{"rendered":"Careers"},"content":{"rendered":"<div data-elementor-type=\"wp-page\" data-elementor-id=\"15\" class=\"elementor elementor-15\" data-elementor-post-type=\"page\">\n\t\t\t\t\t\t<section class=\"elementor-section elementor-top-section elementor-element elementor-element-2c4f7fc6 elementor-section-boxed elementor-section-height-default elementor-section-height-default\" data-id=\"2c4f7fc6\" data-element_type=\"section\" data-e-type=\"section\" data-settings=\"{&quot;background_background&quot;:&quot;classic&quot;}\">\n\t\t\t\t\t\t<div class=\"elementor-container elementor-column-gap-default\">\n\t\t\t\t\t<div class=\"elementor-column elementor-col-50 elementor-top-column elementor-element elementor-element-1ac26fe6\" data-id=\"1ac26fe6\" data-element_type=\"column\" data-e-type=\"column\" data-settings=\"{&quot;background_background&quot;:&quot;classic&quot;}\">\n\t\t\t<div class=\"elementor-widget-wrap elementor-element-populated\">\n\t\t\t\t\t\t<div class=\"elementor-element elementor-element-4c566b76 elementor-widget elementor-widget-heading\" data-id=\"4c566b76\" data-element_type=\"widget\" data-e-type=\"widget\" data-widget_type=\"heading.default\">\n\t\t\t\t<div class=\"elementor-widget-container\">\n\t\t\t\t\t<h3 class=\"elementor-heading-title elementor-size-default\">Careers<\/h3>\t\t\t\t<\/div>\n\t\t\t\t<\/div>\n\t\t\t\t<div class=\"elementor-element elementor-element-d494f3e elementor-widget elementor-widget-text-editor\" data-id=\"d494f3e\" data-element_type=\"widget\" data-e-type=\"widget\" data-widget_type=\"text-editor.default\">\n\t\t\t\t<div class=\"elementor-widget-container\">\n\t\t\t\t\t\t\t\t\t<p>We are always open to new ideas and new committed colleagues. Become part of the Symtex family and strengthen our<br \/>know-how and expertise.<\/p><p>We look forward to seeing you<\/p>\t\t\t\t\t\t\t\t<\/div>\n\t\t\t\t<\/div>\n\t\t\t\t<div class=\"elementor-element elementor-element-7733e0b9 elementor-icon-list--layout-traditional elementor-list-item-link-full_width elementor-widget elementor-widget-icon-list\" data-id=\"7733e0b9\" data-element_type=\"widget\" data-e-type=\"widget\" data-widget_type=\"icon-list.default\">\n\t\t\t\t<div class=\"elementor-widget-container\">\n\t\t\t\t\t\t\t<ul class=\"elementor-icon-list-items\">\n\t\t\t\t\t\t\t<li class=\"elementor-icon-list-item\">\n\t\t\t\t\t\t\t\t\t\t\t<a href=\"mailto:office@symtex-brno.com\">\n\n\t\t\t\t\t\t\t\t\t\t\t\t<span class=\"elementor-icon-list-icon\">\n\t\t\t\t\t\t\t<i aria-hidden=\"true\" class=\"fas fa-envelope\"><\/i>\t\t\t\t\t\t<\/span>\n\t\t\t\t\t\t\t\t\t\t<span class=\"elementor-icon-list-text\">office@symtex-brno.com<\/span>\n\t\t\t\t\t\t\t\t\t\t\t<\/a>\n\t\t\t\t\t\t\t\t\t<\/li>\n\t\t\t\t\t\t<\/ul>\n\t\t\t\t\t\t<\/div>\n\t\t\t\t<\/div>\n\t\t\t\t\t<\/div>\n\t\t<\/div>\n\t\t\t\t<div class=\"elementor-column elementor-col-50 elementor-top-column elementor-element elementor-element-35cdc4cd\" data-id=\"35cdc4cd\" data-element_type=\"column\" data-e-type=\"column\">\n\t\t\t<div class=\"elementor-widget-wrap elementor-element-populated\">\n\t\t\t\t\t\t<div class=\"elementor-element elementor-element-1e363d5a elementor-widget elementor-widget-heading\" data-id=\"1e363d5a\" data-element_type=\"widget\" data-e-type=\"widget\" data-widget_type=\"heading.default\">\n\t\t\t\t<div class=\"elementor-widget-container\">\n\t\t\t\t\t<h3 class=\"elementor-heading-title elementor-size-default\">Current job offers<\/h3>\t\t\t\t<\/div>\n\t\t\t\t<\/div>\n\t\t\t\t<div class=\"elementor-element elementor-element-b25af7a elementor-icon-list--layout-traditional elementor-list-item-link-full_width elementor-widget elementor-widget-icon-list\" data-id=\"b25af7a\" data-element_type=\"widget\" data-e-type=\"widget\" data-widget_type=\"icon-list.default\">\n\t\t\t\t<div class=\"elementor-widget-container\">\n\t\t\t\t\t\t\t<ul class=\"elementor-icon-list-items\">\n\t\t\t\t\t\t\t<li class=\"elementor-icon-list-item\">\n\t\t\t\t\t\t\t\t\t\t\t<span class=\"elementor-icon-list-icon\">\n\t\t\t\t\t\t\t<i aria-hidden=\"true\" class=\"fas fa-cog\"><\/i>\t\t\t\t\t\t<\/span>\n\t\t\t\t\t\t\t\t\t\t<span class=\"elementor-icon-list-text\">External Assembly Supervisor<\/span>\n\t\t\t\t\t\t\t\t\t<\/li>\n\t\t\t\t\t\t\t\t<li class=\"elementor-icon-list-item\">\n\t\t\t\t\t\t\t\t\t\t\t<span class=\"elementor-icon-list-icon\">\n\t\t\t\t\t\t\t<i aria-hidden=\"true\" class=\"fas fa-cog\"><\/i>\t\t\t\t\t\t<\/span>\n\t\t\t\t\t\t\t\t\t\t<span class=\"elementor-icon-list-text\">Production workers<\/span>\n\t\t\t\t\t\t\t\t\t<\/li>\n\t\t\t\t\t\t<\/ul>\n\t\t\t\t\t\t<\/div>\n\t\t\t\t<\/div>\n\t\t\t\t\t<\/div>\n\t\t<\/div>\n\t\t\t\t\t<\/div>\n\t\t<\/section>\n\t\t\t\t<section class=\"elementor-section elementor-top-section elementor-element elementor-element-3229f102 elementor-section-boxed elementor-section-height-default elementor-section-height-default elementor-invisible\" data-id=\"3229f102\" data-element_type=\"section\" data-e-type=\"section\" data-settings=\"{&quot;background_background&quot;:&quot;classic&quot;,&quot;animation&quot;:&quot;slideInUp&quot;}\">\n\t\t\t\t\t\t<div class=\"elementor-container elementor-column-gap-default\">\n\t\t\t\t\t<div class=\"elementor-column elementor-col-100 elementor-top-column elementor-element elementor-element-25ca568f\" data-id=\"25ca568f\" data-element_type=\"column\" data-e-type=\"column\">\n\t\t\t<div class=\"elementor-widget-wrap elementor-element-populated\">\n\t\t\t\t\t\t<div class=\"elementor-element elementor-element-61c02b02 elementor-widget elementor-widget-spacer\" data-id=\"61c02b02\" data-element_type=\"widget\" data-e-type=\"widget\" data-widget_type=\"spacer.default\">\n\t\t\t\t<div class=\"elementor-widget-container\">\n\t\t\t\t\t\t\t<div class=\"elementor-spacer\">\n\t\t\t<div class=\"elementor-spacer-inner\"><\/div>\n\t\t<\/div>\n\t\t\t\t\t\t<\/div>\n\t\t\t\t<\/div>\n\t\t\t\t\t<\/div>\n\t\t<\/div>\n\t\t\t\t\t<\/div>\n\t\t<\/section>\n\t\t\t\t<\/div>","protected":false},"excerpt":{"rendered":"<p>Kari\u00e9ra Jsme v\u017edy otev\u0159en\u00ed nov\u00fdm n\u00e1pad\u016fm a nov\u00fdm anga\u017eovan\u00fdm koleg\u016fm. Sta\u0148te se sou\u010d\u00e1st\u00ed rodiny Symtex a posilte na\u0161eknow-how sv\u00fdmi odborn\u00fdmi znalostmi. T\u011b\u0161\u00edme se na v\u00e1s office@symtex-brno.com Aktu\u00e1ln\u00ed pracovn\u00ed nab\u00eddky Vedouc\u00ed extern\u00ed mont\u00e1\u017ee Pracovn\u00edci ve v\u00fdrob\u011b<\/p>","protected":false},"author":1,"featured_media":0,"parent":0,"menu_order":0,"comment_status":"closed","ping_status":"closed","template":"elementor_header_footer","meta":{"footnotes":""},"class_list":["post-15","page","type-page","status-publish","hentry"],"yoast_head":"<!-- This site is optimized with the Yoast SEO plugin v26.9 - https:\/\/yoast.com\/product\/yoast-seo-wordpress\/ -->\n<title>Kari\u00e9ra - Symtex<\/title>\n<meta name=\"robots\" content=\"index, follow, max-snippet:-1, max-image-preview:large, max-video-preview:-1\" \/>\n<link rel=\"canonical\" href=\"https:\/\/symtex-brno.com\/en\/kariera\/\" \/>\n<meta property=\"og:locale\" content=\"en_GB\" \/>\n<meta property=\"og:type\" content=\"article\" \/>\n<meta property=\"og:title\" content=\"Kari\u00e9ra - Symtex\" \/>\n<meta property=\"og:description\" content=\"Kari\u00e9ra Jsme v\u017edy otev\u0159en\u00ed nov\u00fdm n\u00e1pad\u016fm a nov\u00fdm anga\u017eovan\u00fdm koleg\u016fm. Sta\u0148te se sou\u010d\u00e1st\u00ed rodiny Symtex a posilte na\u0161eknow-how sv\u00fdmi odborn\u00fdmi znalostmi. T\u011b\u0161\u00edme se na v\u00e1s office@symtex-brno.com Aktu\u00e1ln\u00ed pracovn\u00ed nab\u00eddky Vedouc\u00ed extern\u00ed mont\u00e1\u017ee Pracovn\u00edci ve v\u00fdrob\u011b\" \/>\n<meta property=\"og:url\" content=\"https:\/\/symtex-brno.com\/en\/kariera\/\" \/>\n<meta property=\"og:site_name\" content=\"Symtex\" \/>\n<meta property=\"article:modified_time\" content=\"2025-02-24T12:49:04+00:00\" \/>\n<meta name=\"twitter:card\" content=\"summary_large_image\" \/>\n<meta name=\"twitter:label1\" content=\"Estimated reading time\" \/>\n\t<meta name=\"twitter:data1\" content=\"1 minute\" \/>\n<script type=\"application\/ld+json\" class=\"yoast-schema-graph\">{\"@context\":\"https:\/\/schema.org\",\"@graph\":[{\"@type\":\"WebPage\",\"@id\":\"https:\/\/symtex-brno.com\/kariera\/\",\"url\":\"https:\/\/symtex-brno.com\/kariera\/\",\"name\":\"Kari\u00e9ra - Symtex\",\"isPartOf\":{\"@id\":\"https:\/\/symtex-brno.com\/#website\"},\"datePublished\":\"2023-06-09T15:28:04+00:00\",\"dateModified\":\"2025-02-24T12:49:04+00:00\",\"breadcrumb\":{\"@id\":\"https:\/\/symtex-brno.com\/kariera\/#breadcrumb\"},\"inLanguage\":\"en-GB\",\"potentialAction\":[{\"@type\":\"ReadAction\",\"target\":[\"https:\/\/symtex-brno.com\/kariera\/\"]}]},{\"@type\":\"BreadcrumbList\",\"@id\":\"https:\/\/symtex-brno.com\/kariera\/#breadcrumb\",\"itemListElement\":[{\"@type\":\"ListItem\",\"position\":1,\"name\":\"Dom\u016f\",\"item\":\"https:\/\/symtex-brno.com\/\"},{\"@type\":\"ListItem\",\"position\":2,\"name\":\"Kari\u00e9ra\"}]},{\"@type\":\"WebSite\",\"@id\":\"https:\/\/symtex-brno.com\/#website\",\"url\":\"https:\/\/symtex-brno.com\/\",\"name\":\"Symtex\",\"description\":\"Automatizace pro pr\u016fmyslov\u00e9 technologie\",\"publisher\":{\"@id\":\"https:\/\/symtex-brno.com\/#organization\"},\"potentialAction\":[{\"@type\":\"SearchAction\",\"target\":{\"@type\":\"EntryPoint\",\"urlTemplate\":\"https:\/\/symtex-brno.com\/?s={search_term_string}\"},\"query-input\":{\"@type\":\"PropertyValueSpecification\",\"valueRequired\":true,\"valueName\":\"search_term_string\"}}],\"inLanguage\":\"en-GB\"},{\"@type\":\"Organization\",\"@id\":\"https:\/\/symtex-brno.com\/#organization\",\"name\":\"Symtex\",\"url\":\"https:\/\/symtex-brno.com\/\",\"logo\":{\"@type\":\"ImageObject\",\"inLanguage\":\"en-GB\",\"@id\":\"https:\/\/symtex-brno.com\/#\/schema\/logo\/image\/\",\"url\":\"https:\/\/symtex-brno.com\/wp-content\/uploads\/2023\/06\/cropped-symtex.png\",\"contentUrl\":\"https:\/\/symtex-brno.com\/wp-content\/uploads\/2023\/06\/cropped-symtex.png\",\"width\":787,\"height\":725,\"caption\":\"Symtex\"},\"image\":{\"@id\":\"https:\/\/symtex-brno.com\/#\/schema\/logo\/image\/\"}}]}<\/script>\n<!-- \/ Yoast SEO plugin. -->","yoast_head_json":{"title":"Kari\u00e9ra - Symtex","robots":{"index":"index","follow":"follow","max-snippet":"max-snippet:-1","max-image-preview":"max-image-preview:large","max-video-preview":"max-video-preview:-1"},"canonical":"https:\/\/symtex-brno.com\/en\/kariera\/","og_locale":"en_GB","og_type":"article","og_title":"Kari\u00e9ra - Symtex","og_description":"Kari\u00e9ra Jsme v\u017edy otev\u0159en\u00ed nov\u00fdm n\u00e1pad\u016fm a nov\u00fdm anga\u017eovan\u00fdm koleg\u016fm. Sta\u0148te se sou\u010d\u00e1st\u00ed rodiny Symtex a posilte na\u0161eknow-how sv\u00fdmi odborn\u00fdmi znalostmi. T\u011b\u0161\u00edme se na v\u00e1s office@symtex-brno.com Aktu\u00e1ln\u00ed pracovn\u00ed nab\u00eddky Vedouc\u00ed extern\u00ed mont\u00e1\u017ee Pracovn\u00edci ve v\u00fdrob\u011b","og_url":"https:\/\/symtex-brno.com\/en\/kariera\/","og_site_name":"Symtex","article_modified_time":"2025-02-24T12:49:04+00:00","twitter_card":"summary_large_image","twitter_misc":{"Estimated reading time":"1 minute"},"schema":{"@context":"https:\/\/schema.org","@graph":[{"@type":"WebPage","@id":"https:\/\/symtex-brno.com\/kariera\/","url":"https:\/\/symtex-brno.com\/kariera\/","name":"Kari\u00e9ra - Symtex","isPartOf":{"@id":"https:\/\/symtex-brno.com\/#website"},"datePublished":"2023-06-09T15:28:04+00:00","dateModified":"2025-02-24T12:49:04+00:00","breadcrumb":{"@id":"https:\/\/symtex-brno.com\/kariera\/#breadcrumb"},"inLanguage":"en-GB","potentialAction":[{"@type":"ReadAction","target":["https:\/\/symtex-brno.com\/kariera\/"]}]},{"@type":"BreadcrumbList","@id":"https:\/\/symtex-brno.com\/kariera\/#breadcrumb","itemListElement":[{"@type":"ListItem","position":1,"name":"Dom\u016f","item":"https:\/\/symtex-brno.com\/"},{"@type":"ListItem","position":2,"name":"Kari\u00e9ra"}]},{"@type":"WebSite","@id":"https:\/\/symtex-brno.com\/#website","url":"https:\/\/symtex-brno.com\/","name":"Symtex","description":"Automatizace pro pr\u016fmyslov\u00e9 technologie","publisher":{"@id":"https:\/\/symtex-brno.com\/#organization"},"potentialAction":[{"@type":"SearchAction","target":{"@type":"EntryPoint","urlTemplate":"https:\/\/symtex-brno.com\/?s={search_term_string}"},"query-input":{"@type":"PropertyValueSpecification","valueRequired":true,"valueName":"search_term_string"}}],"inLanguage":"en-GB"},{"@type":"Organization","@id":"https:\/\/symtex-brno.com\/#organization","name":"Symtex","url":"https:\/\/symtex-brno.com\/","logo":{"@type":"ImageObject","inLanguage":"en-GB","@id":"https:\/\/symtex-brno.com\/#\/schema\/logo\/image\/","url":"https:\/\/symtex-brno.com\/wp-content\/uploads\/2023\/06\/cropped-symtex.png","contentUrl":"https:\/\/symtex-brno.com\/wp-content\/uploads\/2023\/06\/cropped-symtex.png","width":787,"height":725,"caption":"Symtex"},"image":{"@id":"https:\/\/symtex-brno.com\/#\/schema\/logo\/image\/"}}]}},"_links":{"self":[{"href":"https:\/\/symtex-brno.com\/en\/wp-json\/wp\/v2\/pages\/15","targetHints":{"allow":["GET"]}}],"collection":[{"href":"https:\/\/symtex-brno.com\/en\/wp-json\/wp\/v2\/pages"}],"about":[{"href":"https:\/\/symtex-brno.com\/en\/wp-json\/wp\/v2\/types\/page"}],"author":[{"embeddable":true,"href":"https:\/\/symtex-brno.com\/en\/wp-json\/wp\/v2\/users\/1"}],"replies":[{"embeddable":true,"href":"https:\/\/symtex-brno.com\/en\/wp-json\/wp\/v2\/comments?post=15"}],"version-history":[{"count":50,"href":"https:\/\/symtex-brno.com\/en\/wp-json\/wp\/v2\/pages\/15\/revisions"}],"predecessor-version":[{"id":485,"href":"https:\/\/symtex-brno.com\/en\/wp-json\/wp\/v2\/pages\/15\/revisions\/485"}],"wp:attachment":[{"href":"https:\/\/symtex-brno.com\/en\/wp-json\/wp\/v2\/media?parent=15"}],"curies":[{"name":"wp","href":"https:\/\/api.w.org\/{rel}","templated":true}]}}