{"id":21,"date":"2023-06-09T15:28:04","date_gmt":"2023-06-09T15:28:04","guid":{"rendered":"http:\/\/symtex.webfusion.cz\/kontakt\/"},"modified":"2025-04-04T12:54:44","modified_gmt":"2025-04-04T12:54:44","slug":"kontakt","status":"publish","type":"page","link":"https:\/\/symtex-brno.com\/en\/kontakt\/","title":{"rendered":"Contact"},"content":{"rendered":"<div data-elementor-type=\"wp-page\" data-elementor-id=\"21\" class=\"elementor elementor-21\" data-elementor-post-type=\"page\">\n\t\t\t\t\t\t<section class=\"elementor-section elementor-top-section elementor-element elementor-element-79ea1d9b elementor-section-boxed elementor-section-height-default elementor-section-height-default\" data-id=\"79ea1d9b\" data-element_type=\"section\" data-e-type=\"section\">\n\t\t\t\t\t\t<div class=\"elementor-container elementor-column-gap-default\">\n\t\t\t\t\t<div class=\"elementor-column elementor-col-100 elementor-top-column elementor-element elementor-element-4fe7e46a\" data-id=\"4fe7e46a\" data-element_type=\"column\" data-e-type=\"column\">\n\t\t\t<div class=\"elementor-widget-wrap elementor-element-populated\">\n\t\t\t\t\t\t<div class=\"elementor-element elementor-element-6bce3700 elementor-widget elementor-widget-heading\" data-id=\"6bce3700\" data-element_type=\"widget\" data-e-type=\"widget\" data-widget_type=\"heading.default\">\n\t\t\t\t<div class=\"elementor-widget-container\">\n\t\t\t\t\t<h3 class=\"elementor-heading-title elementor-size-default\">Contact<\/h3>\t\t\t\t<\/div>\n\t\t\t\t<\/div>\n\t\t\t\t<section class=\"elementor-section elementor-inner-section elementor-element elementor-element-6b2e8754 elementor-section-boxed elementor-section-height-default elementor-section-height-default\" data-id=\"6b2e8754\" data-element_type=\"section\" data-e-type=\"section\">\n\t\t\t\t\t\t<div class=\"elementor-container elementor-column-gap-no\">\n\t\t\t\t\t<div class=\"elementor-column elementor-col-50 elementor-inner-column elementor-element elementor-element-6721a332\" data-id=\"6721a332\" data-element_type=\"column\" data-e-type=\"column\">\n\t\t\t<div class=\"elementor-widget-wrap elementor-element-populated\">\n\t\t\t\t\t\t<div class=\"elementor-element elementor-element-1cc2a9c8 elementor-widget elementor-widget-heading\" data-id=\"1cc2a9c8\" data-element_type=\"widget\" data-e-type=\"widget\" data-widget_type=\"heading.default\">\n\t\t\t\t<div class=\"elementor-widget-container\">\n\t\t\t\t\t<h5 class=\"elementor-heading-title elementor-size-default\">Symtex Brno s. r. o.<\/h5>\t\t\t\t<\/div>\n\t\t\t\t<\/div>\n\t\t\t\t<div class=\"elementor-element elementor-element-4c577146 elementor-icon-list--layout-traditional elementor-list-item-link-full_width elementor-widget elementor-widget-icon-list\" data-id=\"4c577146\" data-element_type=\"widget\" data-e-type=\"widget\" data-widget_type=\"icon-list.default\">\n\t\t\t\t<div class=\"elementor-widget-container\">\n\t\t\t\t\t\t\t<ul class=\"elementor-icon-list-items\">\n\t\t\t\t\t\t\t<li class=\"elementor-icon-list-item\">\n\t\t\t\t\t\t\t\t\t\t\t<span class=\"elementor-icon-list-icon\">\n\t\t\t\t\t\t\t<i aria-hidden=\"true\" class=\"fas fa-map-marker-alt\"><\/i>\t\t\t\t\t\t<\/span>\n\t\t\t\t\t\t\t\t\t\t<span class=\"elementor-icon-list-text\">Kr\u00e1lova 279\/9 <br>616 00, Brno<\/span>\n\t\t\t\t\t\t\t\t\t<\/li>\n\t\t\t\t\t\t\t\t<li class=\"elementor-icon-list-item\">\n\t\t\t\t\t\t\t\t\t\t\t<a href=\"tel:+420702222414\">\n\n\t\t\t\t\t\t\t\t\t\t\t\t<span class=\"elementor-icon-list-icon\">\n\t\t\t\t\t\t\t<i aria-hidden=\"true\" class=\"fas fa-phone-alt\"><\/i>\t\t\t\t\t\t<\/span>\n\t\t\t\t\t\t\t\t\t\t<span class=\"elementor-icon-list-text\">+420 702 222 414<\/span>\n\t\t\t\t\t\t\t\t\t\t\t<\/a>\n\t\t\t\t\t\t\t\t\t<\/li>\n\t\t\t\t\t\t\t\t<li class=\"elementor-icon-list-item\">\n\t\t\t\t\t\t\t\t\t\t\t<a href=\"mailto:office@symtex-brno.com\">\n\n\t\t\t\t\t\t\t\t\t\t\t\t<span class=\"elementor-icon-list-icon\">\n\t\t\t\t\t\t\t<i aria-hidden=\"true\" class=\"fas fa-envelope\"><\/i>\t\t\t\t\t\t<\/span>\n\t\t\t\t\t\t\t\t\t\t<span class=\"elementor-icon-list-text\">office@symtex-brno.com<\/span>\n\t\t\t\t\t\t\t\t\t\t\t<\/a>\n\t\t\t\t\t\t\t\t\t<\/li>\n\t\t\t\t\t\t<\/ul>\n\t\t\t\t\t\t<\/div>\n\t\t\t\t<\/div>\n\t\t\t\t<div class=\"elementor-element elementor-element-1c8fd28c elementor-widget elementor-widget-heading\" data-id=\"1c8fd28c\" data-element_type=\"widget\" data-e-type=\"widget\" data-widget_type=\"heading.default\">\n\t\t\t\t<div class=\"elementor-widget-container\">\n\t\t\t\t\t<h5 class=\"elementor-heading-title elementor-size-default\">CEO \/ General Director Lenka Kocourkov\u00e1<\/h5>\t\t\t\t<\/div>\n\t\t\t\t<\/div>\n\t\t\t\t<div class=\"elementor-element elementor-element-44c67db7 elementor-widget elementor-widget-heading\" data-id=\"44c67db7\" data-element_type=\"widget\" data-e-type=\"widget\" data-widget_type=\"heading.default\">\n\t\t\t\t<div class=\"elementor-widget-container\">\n\t\t\t\t\t<h5 class=\"elementor-heading-title elementor-size-default\">CTO \/ Technical Director Karel Blaha<br><br><\/h5>\t\t\t\t<\/div>\n\t\t\t\t<\/div>\n\t\t\t\t\t<\/div>\n\t\t<\/div>\n\t\t\t\t<div class=\"elementor-column elementor-col-50 elementor-inner-column elementor-element elementor-element-25d3b8b5\" data-id=\"25d3b8b5\" data-element_type=\"column\" data-e-type=\"column\">\n\t\t\t<div class=\"elementor-widget-wrap elementor-element-populated\">\n\t\t\t\t\t\t<div class=\"elementor-element elementor-element-416a9d3f elementor-widget elementor-widget-text-editor\" data-id=\"416a9d3f\" data-element_type=\"widget\" data-e-type=\"widget\" data-widget_type=\"text-editor.default\">\n\t\t\t\t<div class=\"elementor-widget-container\">\n\t\t\t\t\t\t\t\t\t<p>Commercial Register Court: the Regional Court Brno C132538<br \/>I\u010cO: <span style=\"color: #008080;\">18010474<\/span><br \/>DI\u010c (DPH): <span style=\"color: #008080;\">CZ18010474<\/span><\/p>\t\t\t\t\t\t\t\t<\/div>\n\t\t\t\t<\/div>\n\t\t\t\t<div class=\"elementor-element elementor-element-212d355e elementor-widget elementor-widget-heading\" data-id=\"212d355e\" data-element_type=\"widget\" data-e-type=\"widget\" data-widget_type=\"heading.default\">\n\t\t\t\t<div class=\"elementor-widget-container\">\n\t\t\t\t\t<h5 class=\"elementor-heading-title elementor-size-default\">Bank accounts<\/h5>\t\t\t\t<\/div>\n\t\t\t\t<\/div>\n\t\t\t\t<div class=\"elementor-element elementor-element-5dc82265 elementor-widget elementor-widget-text-editor\" data-id=\"5dc82265\" data-element_type=\"widget\" data-e-type=\"widget\" data-widget_type=\"text-editor.default\">\n\t\t\t\t<div class=\"elementor-widget-container\">\n\t\t\t\t\t\t\t\t\t<p><strong>Bank account CZK<\/strong><br \/>Raiffeisen Banka<br \/>\u010c\u00edslo \u00fa\u010dtu: <span style=\"color: #008080;\">596204003\/5500<\/span><\/p><p><strong>Bank account EUR<\/strong><br \/>Raiffeisen Banka<br \/>IBAN: <span style=\"color: #008080;\">CZ71 5500 0000 0005 9620 4003<\/span><br \/>BIC: RZBCCZPP<\/p>\t\t\t\t\t\t\t\t<\/div>\n\t\t\t\t<\/div>\n\t\t\t\t\t<\/div>\n\t\t<\/div>\n\t\t\t\t\t<\/div>\n\t\t<\/section>\n\t\t\t\t\t<\/div>\n\t\t<\/div>\n\t\t\t\t\t<\/div>\n\t\t<\/section>\n\t\t\t\t<section class=\"elementor-section elementor-top-section elementor-element elementor-element-3961e812 elementor-section-full_width elementor-section-height-default elementor-section-height-default\" data-id=\"3961e812\" data-element_type=\"section\" data-e-type=\"section\">\n\t\t\t\t\t\t<div class=\"elementor-container elementor-column-gap-no\">\n\t\t\t\t\t<div class=\"elementor-column elementor-col-100 elementor-top-column elementor-element elementor-element-58898356\" data-id=\"58898356\" data-element_type=\"column\" data-e-type=\"column\">\n\t\t\t<div class=\"elementor-widget-wrap elementor-element-populated\">\n\t\t\t\t\t\t<div class=\"elementor-element elementor-element-73b9134c elementor-widget elementor-widget-google_maps\" data-id=\"73b9134c\" data-element_type=\"widget\" data-e-type=\"widget\" data-widget_type=\"google_maps.default\">\n\t\t\t\t<div class=\"elementor-widget-container\">\n\t\t\t\t\t\t\t<div class=\"elementor-custom-embed\">\n\t\t\t<iframe loading=\"lazy\"\n\t\t\t\t\tsrc=\"https:\/\/maps.google.com\/maps?q=Kr%C3%A1lova%20279%2F9&#038;t=m&#038;z=12&#038;output=embed&#038;iwloc=near\"\n\t\t\t\t\ttitle=\"Kr\u00e1lova 279\/9\"\n\t\t\t\t\taria-label=\"Kr\u00e1lova 279\/9\"\n\t\t\t><\/iframe>\n\t\t<\/div>\n\t\t\t\t\t\t<\/div>\n\t\t\t\t<\/div>\n\t\t\t\t\t<\/div>\n\t\t<\/div>\n\t\t\t\t\t<\/div>\n\t\t<\/section>\n\t\t\t\t<\/div>","protected":false},"excerpt":{"rendered":"<p>Kontakt Symtex Brno s. r. o. Kr\u00e1lova 279\/9 616 00, Brno +420 702 222 414 office@symtex-brno.com CEO \/ Gener\u00e1ln\u00ed \u0159editelka Lenka Kocourkov\u00e1 CTO \/ Technick\u00fd \u0159editel Karel Blaha Obchodn\u00ed rejst\u0159\u00edkov\u00fd soud: Krajsk\u00fd soud Brno, C132538I\u010cO: 18010474DI\u010c (DPH): CZ18010474 Bankovn\u00ed spojen\u00ed Bank account CZKRaiffeisen Banka\u010c\u00edslo \u00fa\u010dtu: 596204003\/5500 Bank account EURRaiffeisen BankaIBAN: CZ71 5500 0000 0005 9620 [&hellip;]<\/p>\n","protected":false},"author":1,"featured_media":0,"parent":0,"menu_order":0,"comment_status":"closed","ping_status":"closed","template":"elementor_header_footer","meta":{"footnotes":""},"class_list":["post-21","page","type-page","status-publish","hentry"],"yoast_head":"<!-- This site is optimized with the Yoast SEO plugin v26.9 - https:\/\/yoast.com\/product\/yoast-seo-wordpress\/ -->\n<title>Kontakt - Symtex<\/title>\n<meta name=\"robots\" content=\"index, follow, max-snippet:-1, max-image-preview:large, max-video-preview:-1\" \/>\n<link rel=\"canonical\" href=\"https:\/\/symtex-brno.com\/en\/kontakt\/\" \/>\n<meta property=\"og:locale\" content=\"en_GB\" \/>\n<meta property=\"og:type\" content=\"article\" \/>\n<meta property=\"og:title\" content=\"Kontakt - Symtex\" \/>\n<meta property=\"og:description\" content=\"Kontakt Symtex Brno s. r. o. Kr\u00e1lova 279\/9 616 00, Brno +420 702 222 414 office@symtex-brno.com CEO \/ Gener\u00e1ln\u00ed \u0159editelka Lenka Kocourkov\u00e1 CTO \/ Technick\u00fd \u0159editel Karel Blaha Obchodn\u00ed rejst\u0159\u00edkov\u00fd soud: Krajsk\u00fd soud Brno, C132538I\u010cO: 18010474DI\u010c (DPH): CZ18010474 Bankovn\u00ed spojen\u00ed Bank account CZKRaiffeisen Banka\u010c\u00edslo \u00fa\u010dtu: 596204003\/5500 Bank account EURRaiffeisen BankaIBAN: CZ71 5500 0000 0005 9620 [&hellip;]\" \/>\n<meta property=\"og:url\" content=\"https:\/\/symtex-brno.com\/en\/kontakt\/\" \/>\n<meta property=\"og:site_name\" content=\"Symtex\" \/>\n<meta property=\"article:modified_time\" content=\"2025-04-04T12:54:44+00:00\" \/>\n<meta name=\"twitter:card\" content=\"summary_large_image\" \/>\n<meta name=\"twitter:label1\" content=\"Estimated reading time\" \/>\n\t<meta name=\"twitter:data1\" content=\"1 minute\" \/>\n<script type=\"application\/ld+json\" class=\"yoast-schema-graph\">{\"@context\":\"https:\/\/schema.org\",\"@graph\":[{\"@type\":\"WebPage\",\"@id\":\"https:\/\/symtex-brno.com\/kontakt\/\",\"url\":\"https:\/\/symtex-brno.com\/kontakt\/\",\"name\":\"Kontakt - Symtex\",\"isPartOf\":{\"@id\":\"https:\/\/symtex-brno.com\/#website\"},\"datePublished\":\"2023-06-09T15:28:04+00:00\",\"dateModified\":\"2025-04-04T12:54:44+00:00\",\"breadcrumb\":{\"@id\":\"https:\/\/symtex-brno.com\/kontakt\/#breadcrumb\"},\"inLanguage\":\"en-GB\",\"potentialAction\":[{\"@type\":\"ReadAction\",\"target\":[\"https:\/\/symtex-brno.com\/kontakt\/\"]}]},{\"@type\":\"BreadcrumbList\",\"@id\":\"https:\/\/symtex-brno.com\/kontakt\/#breadcrumb\",\"itemListElement\":[{\"@type\":\"ListItem\",\"position\":1,\"name\":\"Dom\u016f\",\"item\":\"https:\/\/symtex-brno.com\/\"},{\"@type\":\"ListItem\",\"position\":2,\"name\":\"Kontakt\"}]},{\"@type\":\"WebSite\",\"@id\":\"https:\/\/symtex-brno.com\/#website\",\"url\":\"https:\/\/symtex-brno.com\/\",\"name\":\"Symtex\",\"description\":\"Automatizace pro pr\u016fmyslov\u00e9 technologie\",\"publisher\":{\"@id\":\"https:\/\/symtex-brno.com\/#organization\"},\"potentialAction\":[{\"@type\":\"SearchAction\",\"target\":{\"@type\":\"EntryPoint\",\"urlTemplate\":\"https:\/\/symtex-brno.com\/?s={search_term_string}\"},\"query-input\":{\"@type\":\"PropertyValueSpecification\",\"valueRequired\":true,\"valueName\":\"search_term_string\"}}],\"inLanguage\":\"en-GB\"},{\"@type\":\"Organization\",\"@id\":\"https:\/\/symtex-brno.com\/#organization\",\"name\":\"Symtex\",\"url\":\"https:\/\/symtex-brno.com\/\",\"logo\":{\"@type\":\"ImageObject\",\"inLanguage\":\"en-GB\",\"@id\":\"https:\/\/symtex-brno.com\/#\/schema\/logo\/image\/\",\"url\":\"https:\/\/symtex-brno.com\/wp-content\/uploads\/2023\/06\/cropped-symtex.png\",\"contentUrl\":\"https:\/\/symtex-brno.com\/wp-content\/uploads\/2023\/06\/cropped-symtex.png\",\"width\":787,\"height\":725,\"caption\":\"Symtex\"},\"image\":{\"@id\":\"https:\/\/symtex-brno.com\/#\/schema\/logo\/image\/\"}}]}<\/script>\n<!-- \/ Yoast SEO plugin. -->","yoast_head_json":{"title":"Kontakt - Symtex","robots":{"index":"index","follow":"follow","max-snippet":"max-snippet:-1","max-image-preview":"max-image-preview:large","max-video-preview":"max-video-preview:-1"},"canonical":"https:\/\/symtex-brno.com\/en\/kontakt\/","og_locale":"en_GB","og_type":"article","og_title":"Kontakt - Symtex","og_description":"Kontakt Symtex Brno s. r. o. Kr\u00e1lova 279\/9 616 00, Brno +420 702 222 414 office@symtex-brno.com CEO \/ Gener\u00e1ln\u00ed \u0159editelka Lenka Kocourkov\u00e1 CTO \/ Technick\u00fd \u0159editel Karel Blaha Obchodn\u00ed rejst\u0159\u00edkov\u00fd soud: Krajsk\u00fd soud Brno, C132538I\u010cO: 18010474DI\u010c (DPH): CZ18010474 Bankovn\u00ed spojen\u00ed Bank account CZKRaiffeisen Banka\u010c\u00edslo \u00fa\u010dtu: 596204003\/5500 Bank account EURRaiffeisen BankaIBAN: CZ71 5500 0000 0005 9620 [&hellip;]","og_url":"https:\/\/symtex-brno.com\/en\/kontakt\/","og_site_name":"Symtex","article_modified_time":"2025-04-04T12:54:44+00:00","twitter_card":"summary_large_image","twitter_misc":{"Estimated reading time":"1 minute"},"schema":{"@context":"https:\/\/schema.org","@graph":[{"@type":"WebPage","@id":"https:\/\/symtex-brno.com\/kontakt\/","url":"https:\/\/symtex-brno.com\/kontakt\/","name":"Kontakt - Symtex","isPartOf":{"@id":"https:\/\/symtex-brno.com\/#website"},"datePublished":"2023-06-09T15:28:04+00:00","dateModified":"2025-04-04T12:54:44+00:00","breadcrumb":{"@id":"https:\/\/symtex-brno.com\/kontakt\/#breadcrumb"},"inLanguage":"en-GB","potentialAction":[{"@type":"ReadAction","target":["https:\/\/symtex-brno.com\/kontakt\/"]}]},{"@type":"BreadcrumbList","@id":"https:\/\/symtex-brno.com\/kontakt\/#breadcrumb","itemListElement":[{"@type":"ListItem","position":1,"name":"Dom\u016f","item":"https:\/\/symtex-brno.com\/"},{"@type":"ListItem","position":2,"name":"Kontakt"}]},{"@type":"WebSite","@id":"https:\/\/symtex-brno.com\/#website","url":"https:\/\/symtex-brno.com\/","name":"Symtex","description":"Automatizace pro pr\u016fmyslov\u00e9 technologie","publisher":{"@id":"https:\/\/symtex-brno.com\/#organization"},"potentialAction":[{"@type":"SearchAction","target":{"@type":"EntryPoint","urlTemplate":"https:\/\/symtex-brno.com\/?s={search_term_string}"},"query-input":{"@type":"PropertyValueSpecification","valueRequired":true,"valueName":"search_term_string"}}],"inLanguage":"en-GB"},{"@type":"Organization","@id":"https:\/\/symtex-brno.com\/#organization","name":"Symtex","url":"https:\/\/symtex-brno.com\/","logo":{"@type":"ImageObject","inLanguage":"en-GB","@id":"https:\/\/symtex-brno.com\/#\/schema\/logo\/image\/","url":"https:\/\/symtex-brno.com\/wp-content\/uploads\/2023\/06\/cropped-symtex.png","contentUrl":"https:\/\/symtex-brno.com\/wp-content\/uploads\/2023\/06\/cropped-symtex.png","width":787,"height":725,"caption":"Symtex"},"image":{"@id":"https:\/\/symtex-brno.com\/#\/schema\/logo\/image\/"}}]}},"_links":{"self":[{"href":"https:\/\/symtex-brno.com\/en\/wp-json\/wp\/v2\/pages\/21","targetHints":{"allow":["GET"]}}],"collection":[{"href":"https:\/\/symtex-brno.com\/en\/wp-json\/wp\/v2\/pages"}],"about":[{"href":"https:\/\/symtex-brno.com\/en\/wp-json\/wp\/v2\/types\/page"}],"author":[{"embeddable":true,"href":"https:\/\/symtex-brno.com\/en\/wp-json\/wp\/v2\/users\/1"}],"replies":[{"embeddable":true,"href":"https:\/\/symtex-brno.com\/en\/wp-json\/wp\/v2\/comments?post=21"}],"version-history":[{"count":19,"href":"https:\/\/symtex-brno.com\/en\/wp-json\/wp\/v2\/pages\/21\/revisions"}],"predecessor-version":[{"id":470,"href":"https:\/\/symtex-brno.com\/en\/wp-json\/wp\/v2\/pages\/21\/revisions\/470"}],"wp:attachment":[{"href":"https:\/\/symtex-brno.com\/en\/wp-json\/wp\/v2\/media?parent=21"}],"curies":[{"name":"wp","href":"https:\/\/api.w.org\/{rel}","templated":true}]}}